{"id":102,"date":"2019-04-15T14:44:49","date_gmt":"2019-04-15T12:44:49","guid":{"rendered":"https:\/\/demo.themeisle.com\/neve-doctors\/?page_id=102"},"modified":"2024-09-30T08:21:18","modified_gmt":"2024-09-30T06:21:18","slug":"natalia-majchrzak-urolog","status":"publish","type":"page","link":"https:\/\/www.urolog-majchrzak.pl\/","title":{"rendered":"Natalia Majchrzak &#8211; Urolog"},"content":{"rendered":"\t\t<div data-elementor-type=\"wp-post\" data-elementor-id=\"102\" class=\"elementor elementor-102\">\n\t\t\t\t\t\t<section class=\"elementor-section elementor-top-section elementor-element elementor-element-5b336054 elementor-section-content-middle elementor-section-boxed elementor-section-height-default elementor-section-height-default\" data-id=\"5b336054\" data-element_type=\"section\" data-settings=\"{&quot;background_background&quot;:&quot;classic&quot;}\">\n\t\t\t\t\t\t<div class=\"elementor-container elementor-column-gap-no\">\n\t\t\t\t\t<div class=\"elementor-column elementor-col-50 elementor-top-column elementor-element elementor-element-77b43544\" data-id=\"77b43544\" data-element_type=\"column\">\n\t\t\t<div class=\"elementor-widget-wrap elementor-element-populated\">\n\t\t\t\t\t\t<div class=\"elementor-element elementor-element-de33f90 elementor-widget elementor-widget-image\" data-id=\"de33f90\" data-element_type=\"widget\" data-widget_type=\"image.default\">\n\t\t\t\t<div class=\"elementor-widget-container\">\n\t\t\t\t\t\t\t\t\t\t\t\t\t<img fetchpriority=\"high\" decoding=\"async\" width=\"886\" height=\"961\" src=\"https:\/\/www.urolog-majchrzak.pl\/wp-content\/uploads\/2019\/11\/dr01.jpg\" class=\"attachment-full size-full wp-image-230\" alt=\"dr Natalia Majchrzak\" srcset=\"https:\/\/www.urolog-majchrzak.pl\/wp-content\/uploads\/2019\/11\/dr01.jpg 886w, https:\/\/www.urolog-majchrzak.pl\/wp-content\/uploads\/2019\/11\/dr01-277x300.jpg 277w, https:\/\/www.urolog-majchrzak.pl\/wp-content\/uploads\/2019\/11\/dr01-768x833.jpg 768w\" sizes=\"(max-width: 886px) 100vw, 886px\" \/>\t\t\t\t\t\t\t\t\t\t\t\t\t<\/div>\n\t\t\t\t<\/div>\n\t\t\t\t\t<\/div>\n\t\t<\/div>\n\t\t\t\t<div class=\"elementor-column elementor-col-50 elementor-top-column elementor-element elementor-element-66fe68de\" data-id=\"66fe68de\" data-element_type=\"column\">\n\t\t\t<div class=\"elementor-widget-wrap elementor-element-populated\">\n\t\t\t\t\t\t<div class=\"elementor-element elementor-element-7cb6b365 elementor-widget elementor-widget-heading\" data-id=\"7cb6b365\" data-element_type=\"widget\" data-widget_type=\"heading.default\">\n\t\t\t\t<div class=\"elementor-widget-container\">\n\t\t\t<h2 class=\"elementor-heading-title elementor-size-default\">Natalia Majchrzak<\/h2>\t\t<\/div>\n\t\t\t\t<\/div>\n\t\t\t\t<div class=\"elementor-element elementor-element-7935ebcc elementor-widget elementor-widget-heading\" data-id=\"7935ebcc\" data-element_type=\"widget\" data-widget_type=\"heading.default\">\n\t\t\t\t<div class=\"elementor-widget-container\">\n\t\t\t<h2 class=\"elementor-heading-title elementor-size-medium\">Specjalista urolog<\/h2>\t\t<\/div>\n\t\t\t\t<\/div>\n\t\t\t\t\t<\/div>\n\t\t<\/div>\n\t\t\t\t\t<\/div>\n\t\t<\/section>\n\t\t\t\t<section class=\"elementor-section elementor-top-section elementor-element elementor-element-f8e11ff elementor-section-boxed elementor-section-height-default elementor-section-height-default\" data-id=\"f8e11ff\" data-element_type=\"section\">\n\t\t\t\t\t\t<div class=\"elementor-container elementor-column-gap-default\">\n\t\t\t\t\t<div class=\"elementor-column elementor-col-100 elementor-top-column elementor-element elementor-element-20e0df9\" data-id=\"20e0df9\" data-element_type=\"column\">\n\t\t\t<div class=\"elementor-widget-wrap elementor-element-populated\">\n\t\t\t\t\t\t\t<\/div>\n\t\t<\/div>\n\t\t\t\t\t<\/div>\n\t\t<\/section>\n\t\t\t\t<section class=\"elementor-section elementor-top-section elementor-element elementor-element-6c46a78 elementor-section-boxed elementor-section-height-default elementor-section-height-default\" data-id=\"6c46a78\" data-element_type=\"section\">\n\t\t\t\t\t\t<div class=\"elementor-container elementor-column-gap-default\">\n\t\t\t\t\t<div class=\"elementor-column elementor-col-100 elementor-top-column elementor-element elementor-element-cfe9e09\" data-id=\"cfe9e09\" data-element_type=\"column\">\n\t\t\t<div class=\"elementor-widget-wrap elementor-element-populated\">\n\t\t\t\t\t\t\t<\/div>\n\t\t<\/div>\n\t\t\t\t\t<\/div>\n\t\t<\/section>\n\t\t\t\t<section class=\"elementor-section elementor-top-section elementor-element elementor-element-4c1cc03b elementor-section-content-middle elementor-section-boxed elementor-section-height-default elementor-section-height-default\" data-id=\"4c1cc03b\" data-element_type=\"section\">\n\t\t\t\t\t\t<div class=\"elementor-container elementor-column-gap-no\">\n\t\t\t\t\t<div class=\"elementor-column elementor-col-50 elementor-top-column elementor-element elementor-element-5bd9300a\" data-id=\"5bd9300a\" data-element_type=\"column\">\n\t\t\t<div class=\"elementor-widget-wrap elementor-element-populated\">\n\t\t\t\t\t\t<div class=\"elementor-element elementor-element-7beff684 elementor-widget-divider--view-line elementor-invisible elementor-widget elementor-widget-divider\" data-id=\"7beff684\" data-element_type=\"widget\" data-settings=\"{&quot;_animation&quot;:&quot;fadeInLeft&quot;}\" data-widget_type=\"divider.default\">\n\t\t\t\t<div class=\"elementor-widget-container\">\n\t\t\t\t\t<div class=\"elementor-divider\">\n\t\t\t<span class=\"elementor-divider-separator\">\n\t\t\t\t\t\t<\/span>\n\t\t<\/div>\n\t\t\t\t<\/div>\n\t\t\t\t<\/div>\n\t\t\t\t<div class=\"elementor-element elementor-element-3183f621 elementor-invisible elementor-widget elementor-widget-heading\" data-id=\"3183f621\" data-element_type=\"widget\" data-settings=\"{&quot;_animation&quot;:&quot;fadeInLeft&quot;}\" data-widget_type=\"heading.default\">\n\t\t\t\t<div class=\"elementor-widget-container\">\n\t\t\t<h4 class=\"elementor-heading-title elementor-size-default\">O mnie<\/h4>\t\t<\/div>\n\t\t\t\t<\/div>\n\t\t\t\t\t<\/div>\n\t\t<\/div>\n\t\t\t\t<div class=\"elementor-column elementor-col-50 elementor-top-column elementor-element elementor-element-29440386\" data-id=\"29440386\" data-element_type=\"column\">\n\t\t\t<div class=\"elementor-widget-wrap elementor-element-populated\">\n\t\t\t\t\t\t<div class=\"elementor-element elementor-element-4c4bed5e elementor-invisible elementor-widget elementor-widget-text-editor\" data-id=\"4c4bed5e\" data-element_type=\"widget\" data-settings=\"{&quot;_animation&quot;:&quot;fadeInRight&quot;}\" data-widget_type=\"text-editor.default\">\n\t\t\t\t<div class=\"elementor-widget-container\">\n\t\t\t\t\t\t\t<p><strong>Natalia Majchrzak<\/strong> (PWZ 2400599) jest lekarzem, doktorem nauk medycznych, specjalist\u0105 urologiem.<\/p><p>W 2017 roku zrealizowa\u0142a szkolenie specjalizacyjne w zakresie urologii uzyskuj\u0105c dyplom specjalisty oraz honorowany w Europie dyplom FEBU (Fellow of the European Board of Urology).<br \/>Specjalizacj\u0119 odbywa\u0142a w Klinice Urologii i Urologii Onkologicznej Uniwersytetu Medycznego w Poznaniu.<br \/>Lek. Natalia Majchrzak uko\u0144czy\u0142a studia medyczne w 2008 roku na Wydziale Lekarskim I Uniwersytetu Medycznego im. K. Marcinkowskiego w Poznaniu.<\/p><p>W listopadzie 2022 roku uzyska\u0142a stopie\u0144 naukowy doktora nauk medycznych, broni\u0105c rozpraw\u0119 o tytule:<br \/>&#8222;Analiza przydatno\u015bci wieloparametrycznego rezonansu magnetycznego, celowanej przezodbytniczej pod kontrol\u0105 ultrasonografii, gruboig\u0142owej biopsji prostaty oraz klasyfikacji grup ryzyka w planowaniu leczenia operacyjnego pacjent\u00f3w z rakiem prostaty&#8221;.<\/p><p>Od maja 2021 do wrze\u015bnia 2023 pe\u0142ni\u0142a funkcj\u0119 Ordynatora Oddzia\u0142u Urologii w PL Certus EMC Instytut Medyczny.<\/p><p>Obecnie pracuje na Oddziale Urologii w Szpitalu CM HCP w Poznaniu, gdzie wykonuje szeroki zakres zabieg\u00f3w i operacji urologicznych.<\/p><p>Jest cz\u0142onkiem Polskiego Towarzystwa Urologicznego (PTU) oraz Europejskiego Towarzystwa Urologicznego (European Association of Urology). Aktywnie uczestniczy oraz poszerza swoj\u0105 wiedz\u0119 podczas konferencji naukowych oraz szkole\u0144 krajowych i zagranicznych.<\/p><p>Na co dzie\u0144 zajmuje si\u0119 nowoczesn\u0105 diagnostyk\u0105 oraz leczeniem chor\u00f3b urologicznych, w tym nowotwor\u00f3w uk\u0142adu moczowo-p\u0142ciowego, kamicy uk\u0142adu moczowego i schorze\u0144 prostaty. Wraz z dr Krzysztofem Twardoszem przeprowadzili, jako pierwsi w Poznaniu i Wielkopolsce, radykaln\u0105 prostatektomi\u0119 w asy\u015bcie robota Versius.<\/p>\t\t\t\t\t\t<\/div>\n\t\t\t\t<\/div>\n\t\t\t\t\t<\/div>\n\t\t<\/div>\n\t\t\t\t\t<\/div>\n\t\t<\/section>\n\t\t\t\t<section class=\"elementor-section elementor-top-section elementor-element elementor-element-c6be239 elementor-section-content-middle elementor-section-boxed elementor-section-height-default elementor-section-height-default\" data-id=\"c6be239\" data-element_type=\"section\">\n\t\t\t\t\t\t<div class=\"elementor-container elementor-column-gap-no\">\n\t\t\t\t\t<div class=\"elementor-column elementor-col-50 elementor-top-column elementor-element elementor-element-eab2787\" data-id=\"eab2787\" data-element_type=\"column\" data-settings=\"{&quot;animation&quot;:&quot;none&quot;}\">\n\t\t\t<div class=\"elementor-widget-wrap elementor-element-populated\">\n\t\t\t\t\t\t<div class=\"elementor-element elementor-element-0a3ae53 elementor-widget-divider--view-line elementor-invisible elementor-widget elementor-widget-divider\" data-id=\"0a3ae53\" data-element_type=\"widget\" data-settings=\"{&quot;_animation&quot;:&quot;fadeInLeft&quot;}\" data-widget_type=\"divider.default\">\n\t\t\t\t<div class=\"elementor-widget-container\">\n\t\t\t\t\t<div class=\"elementor-divider\">\n\t\t\t<span class=\"elementor-divider-separator\">\n\t\t\t\t\t\t<\/span>\n\t\t<\/div>\n\t\t\t\t<\/div>\n\t\t\t\t<\/div>\n\t\t\t\t<div class=\"elementor-element elementor-element-fee8564 elementor-invisible elementor-widget elementor-widget-heading\" data-id=\"fee8564\" data-element_type=\"widget\" data-settings=\"{&quot;_animation&quot;:&quot;fadeInLeft&quot;}\" data-widget_type=\"heading.default\">\n\t\t\t\t<div class=\"elementor-widget-container\">\n\t\t\t<h4 class=\"elementor-heading-title elementor-size-default\">WARSZTAT ZDROWIA<\/h4>\t\t<\/div>\n\t\t\t\t<\/div>\n\t\t\t\t<div class=\"elementor-element elementor-element-f1eca87 elementor-invisible elementor-widget elementor-widget-text-editor\" data-id=\"f1eca87\" data-element_type=\"widget\" data-settings=\"{&quot;_animation&quot;:&quot;fadeInLeft&quot;}\" data-widget_type=\"text-editor.default\">\n\t\t\t\t<div class=\"elementor-widget-container\">\n\t\t\t\t\t\t\t<p><span style=\"color: #808080;\">Adres:<\/span><br \/><span style=\"color: #808080;\">Ul. Warsztatowa 7a<\/span><br \/><span style=\"color: #808080;\">62-052 Komorniki<br \/><a href=\"https:\/\/wzdrowia.pl\">https:\/\/wzdrowia.pl<\/a><\/span><\/p><hr \/><p><span style=\"color: #808080;\">Rejestracja:<br \/><\/span><span style=\"color: #808080;\">Pn &#8211; Pt: 9:00 &#8211; 21:00, So: 9:00 &#8211; 14:00<\/span><br \/><span style=\"color: #808080;\">tel. 690 233 189 |\u00a0 690 361 499<br \/><\/span><\/p>\t\t\t\t\t\t<\/div>\n\t\t\t\t<\/div>\n\t\t\t\t\t<\/div>\n\t\t<\/div>\n\t\t\t\t<div class=\"elementor-column elementor-col-50 elementor-top-column elementor-element elementor-element-a1ae959 elementor-invisible\" data-id=\"a1ae959\" data-element_type=\"column\" data-settings=\"{&quot;animation&quot;:&quot;fadeInRight&quot;}\">\n\t\t\t<div class=\"elementor-widget-wrap elementor-element-populated\">\n\t\t\t\t\t\t<div class=\"elementor-element elementor-element-d7135ae elementor-widget elementor-widget-google_maps\" data-id=\"d7135ae\" data-element_type=\"widget\" data-widget_type=\"google_maps.default\">\n\t\t\t\t<div class=\"elementor-widget-container\">\n\t\t\t\t\t<div class=\"elementor-custom-embed\">\n\t\t\t<iframe loading=\"lazy\"\n\t\t\t\t\tsrc=\"https:\/\/maps.google.com\/maps?q=Warsztatowa%207A%2C%2062-052%20Komorniki%2C%20Polska&#038;t=m&#038;z=15&#038;output=embed&#038;iwloc=near\"\n\t\t\t\t\ttitle=\"Warsztatowa 7A, 62-052 Komorniki, Polska\"\n\t\t\t\t\taria-label=\"Warsztatowa 7A, 62-052 Komorniki, Polska\"\n\t\t\t><\/iframe>\n\t\t<\/div>\n\t\t\t\t<\/div>\n\t\t\t\t<\/div>\n\t\t\t\t\t<\/div>\n\t\t<\/div>\n\t\t\t\t\t<\/div>\n\t\t<\/section>\n\t\t\t\t<section class=\"elementor-section elementor-top-section elementor-element elementor-element-44ed85f elementor-section-content-middle elementor-section-boxed elementor-section-height-default elementor-section-height-default\" data-id=\"44ed85f\" data-element_type=\"section\">\n\t\t\t\t\t\t<div class=\"elementor-container elementor-column-gap-no\">\n\t\t\t\t\t<div class=\"elementor-column elementor-col-50 elementor-top-column elementor-element elementor-element-da281b5\" data-id=\"da281b5\" data-element_type=\"column\" data-settings=\"{&quot;animation&quot;:&quot;none&quot;}\">\n\t\t\t<div class=\"elementor-widget-wrap elementor-element-populated\">\n\t\t\t\t\t\t<div class=\"elementor-element elementor-element-8cd8361 elementor-widget-divider--view-line elementor-invisible elementor-widget elementor-widget-divider\" data-id=\"8cd8361\" data-element_type=\"widget\" data-settings=\"{&quot;_animation&quot;:&quot;fadeInLeft&quot;}\" data-widget_type=\"divider.default\">\n\t\t\t\t<div class=\"elementor-widget-container\">\n\t\t\t\t\t<div class=\"elementor-divider\">\n\t\t\t<span class=\"elementor-divider-separator\">\n\t\t\t\t\t\t<\/span>\n\t\t<\/div>\n\t\t\t\t<\/div>\n\t\t\t\t<\/div>\n\t\t\t\t<div class=\"elementor-element elementor-element-df5a01b elementor-invisible elementor-widget elementor-widget-heading\" data-id=\"df5a01b\" data-element_type=\"widget\" data-settings=\"{&quot;_animation&quot;:&quot;fadeInLeft&quot;}\" data-widget_type=\"heading.default\">\n\t\t\t\t<div class=\"elementor-widget-container\">\n\t\t\t<h4 class=\"elementor-heading-title elementor-size-default\">danmed<\/h4>\t\t<\/div>\n\t\t\t\t<\/div>\n\t\t\t\t<div class=\"elementor-element elementor-element-49f509a elementor-invisible elementor-widget elementor-widget-text-editor\" data-id=\"49f509a\" data-element_type=\"widget\" data-settings=\"{&quot;_animation&quot;:&quot;fadeInLeft&quot;}\" data-widget_type=\"text-editor.default\">\n\t\t\t\t<div class=\"elementor-widget-container\">\n\t\t\t\t\t\t\t<p><span style=\"color: #808080;\">Adres:<\/span><br><span style=\"color: #808080;\">Ul. Szpitalna 2A<\/span><br><span style=\"color: #808080;\">64-600 Oborniki<br><a href=\"https:\/\/danmed.info\/\">https:\/\/danmed.info\/<\/a><br><\/span><\/p>\n<hr>\n<p><span style=\"color: #808080;\">Rejestracja:<br><\/span><span style=\"color: #808080;\">Pn &#8211; Pt: 9:00 &#8211; 20:00, So: 9:00 &#8211; 15:00<\/span><br><span style=\"color: #808080;\">tel. 61 62 33 559&nbsp; |&nbsp; 691 833 133&nbsp; |&nbsp; 691 833 122<\/span><\/p>\t\t\t\t\t\t<\/div>\n\t\t\t\t<\/div>\n\t\t\t\t\t<\/div>\n\t\t<\/div>\n\t\t\t\t<div class=\"elementor-column elementor-col-50 elementor-top-column elementor-element elementor-element-b0f8896 elementor-invisible\" data-id=\"b0f8896\" data-element_type=\"column\" data-settings=\"{&quot;animation&quot;:&quot;fadeInRight&quot;}\">\n\t\t\t<div class=\"elementor-widget-wrap elementor-element-populated\">\n\t\t\t\t\t\t<div class=\"elementor-element elementor-element-19d610c elementor-widget elementor-widget-google_maps\" data-id=\"19d610c\" data-element_type=\"widget\" data-widget_type=\"google_maps.default\">\n\t\t\t\t<div class=\"elementor-widget-container\">\n\t\t\t\t\t<div class=\"elementor-custom-embed\">\n\t\t\t<iframe loading=\"lazy\"\n\t\t\t\t\tsrc=\"https:\/\/maps.google.com\/maps?q=Danmed%20Oborniki&#038;t=m&#038;z=15&#038;output=embed&#038;iwloc=near\"\n\t\t\t\t\ttitle=\"Danmed Oborniki\"\n\t\t\t\t\taria-label=\"Danmed Oborniki\"\n\t\t\t><\/iframe>\n\t\t<\/div>\n\t\t\t\t<\/div>\n\t\t\t\t<\/div>\n\t\t\t\t\t<\/div>\n\t\t<\/div>\n\t\t\t\t\t<\/div>\n\t\t<\/section>\n\t\t\t\t<section class=\"elementor-section elementor-top-section elementor-element elementor-element-3d4bf0d elementor-section-content-middle elementor-section-boxed elementor-section-height-default elementor-section-height-default\" data-id=\"3d4bf0d\" data-element_type=\"section\">\n\t\t\t\t\t\t<div class=\"elementor-container elementor-column-gap-no\">\n\t\t\t\t\t<div class=\"elementor-column elementor-col-100 elementor-top-column elementor-element elementor-element-db9ae03\" data-id=\"db9ae03\" data-element_type=\"column\">\n\t\t\t<div class=\"elementor-widget-wrap\">\n\t\t\t\t\t\t\t<\/div>\n\t\t<\/div>\n\t\t\t\t\t<\/div>\n\t\t<\/section>\n\t\t\t\t<\/div>\n\t\t","protected":false},"excerpt":{"rendered":"<p>Natalia Majchrzak Specjalista urolog O mnie Natalia Majchrzak (PWZ 2400599) jest lekarzem, doktorem nauk medycznych, specjalist\u0105 urologiem. W 2017 roku zrealizowa\u0142a szkolenie specjalizacyjne w zakresie urologii uzyskuj\u0105c dyplom specjalisty oraz honorowany w Europie dyplom FEBU (Fellow of the European Board of Urology).Specjalizacj\u0119 odbywa\u0142a w Klinice Urologii i Urologii Onkologicznej Uniwersytetu Medycznego w Poznaniu.Lek. Natalia Majchrzak&hellip;&nbsp;<a href=\"https:\/\/www.urolog-majchrzak.pl\/\" class=\"\" rel=\"bookmark\">Dowiedz si\u0119 wi\u0119cej &raquo;<span class=\"screen-reader-text\">Natalia Majchrzak &#8211; Urolog<\/span><\/a><\/p>\n","protected":false},"author":1,"featured_media":0,"parent":0,"menu_order":0,"comment_status":"closed","ping_status":"closed","template":"elementor_header_footer","meta":{"neve_meta_sidebar":"default","neve_meta_container":"default","neve_meta_enable_content_width":"off","neve_meta_content_width":70,"neve_meta_title_alignment":"","neve_meta_author_avatar":"","neve_post_elements_order":"","neve_meta_disable_header":"off","neve_meta_disable_footer":"off","neve_meta_disable_title":"off","footnotes":""},"class_list":["post-102","page","type-page","status-publish","hentry"],"yoast_head":"<!-- This site is optimized with the Yoast SEO plugin v23.5 - https:\/\/yoast.com\/wordpress\/plugins\/seo\/ -->\n<title>Natalia Majchrzak - Urolog - Natalia Majchrzak Urolog<\/title>\n<meta name=\"robots\" content=\"index, follow, max-snippet:-1, max-image-preview:large, max-video-preview:-1\" \/>\n<link rel=\"canonical\" href=\"https:\/\/www.urolog-majchrzak.pl\/\" \/>\n<meta property=\"og:locale\" content=\"pl_PL\" \/>\n<meta property=\"og:type\" content=\"article\" \/>\n<meta property=\"og:title\" content=\"Natalia Majchrzak - Urolog - Natalia Majchrzak Urolog\" \/>\n<meta property=\"og:description\" content=\"Natalia Majchrzak Specjalista urolog O mnie Natalia Majchrzak (PWZ 2400599) jest lekarzem, doktorem nauk medycznych, specjalist\u0105 urologiem. W 2017 roku zrealizowa\u0142a szkolenie specjalizacyjne w zakresie urologii uzyskuj\u0105c dyplom specjalisty oraz honorowany w Europie dyplom FEBU (Fellow of the European Board of Urology).Specjalizacj\u0119 odbywa\u0142a w Klinice Urologii i Urologii Onkologicznej Uniwersytetu Medycznego w Poznaniu.Lek. Natalia Majchrzak&hellip;&nbsp;Dowiedz si\u0119 wi\u0119cej &raquo;Natalia Majchrzak &#8211; Urolog\" \/>\n<meta property=\"og:url\" content=\"https:\/\/www.urolog-majchrzak.pl\/\" \/>\n<meta property=\"og:site_name\" content=\"Natalia Majchrzak Urolog\" \/>\n<meta property=\"article:modified_time\" content=\"2024-09-30T06:21:18+00:00\" \/>\n<meta property=\"og:image\" content=\"https:\/\/www.urolog-majchrzak.pl\/wp-content\/uploads\/2019\/11\/dr01.jpg\" \/>\n<meta name=\"twitter:card\" content=\"summary_large_image\" \/>\n<meta name=\"twitter:label1\" content=\"Szacowany czas czytania\" \/>\n\t<meta name=\"twitter:data1\" content=\"2 minuty\" \/>\n<script type=\"application\/ld+json\" class=\"yoast-schema-graph\">{\"@context\":\"https:\/\/schema.org\",\"@graph\":[{\"@type\":\"WebPage\",\"@id\":\"https:\/\/www.urolog-majchrzak.pl\/\",\"url\":\"https:\/\/www.urolog-majchrzak.pl\/\",\"name\":\"Natalia Majchrzak - Urolog - Natalia Majchrzak Urolog\",\"isPartOf\":{\"@id\":\"https:\/\/www.urolog-majchrzak.pl\/#website\"},\"primaryImageOfPage\":{\"@id\":\"https:\/\/www.urolog-majchrzak.pl\/#primaryimage\"},\"image\":{\"@id\":\"https:\/\/www.urolog-majchrzak.pl\/#primaryimage\"},\"thumbnailUrl\":\"https:\/\/www.urolog-majchrzak.pl\/wp-content\/uploads\/2019\/11\/dr01.jpg\",\"datePublished\":\"2019-04-15T12:44:49+00:00\",\"dateModified\":\"2024-09-30T06:21:18+00:00\",\"breadcrumb\":{\"@id\":\"https:\/\/www.urolog-majchrzak.pl\/#breadcrumb\"},\"inLanguage\":\"pl-PL\",\"potentialAction\":[{\"@type\":\"ReadAction\",\"target\":[\"https:\/\/www.urolog-majchrzak.pl\/\"]}]},{\"@type\":\"ImageObject\",\"inLanguage\":\"pl-PL\",\"@id\":\"https:\/\/www.urolog-majchrzak.pl\/#primaryimage\",\"url\":\"https:\/\/www.urolog-majchrzak.pl\/wp-content\/uploads\/2019\/11\/dr01.jpg\",\"contentUrl\":\"https:\/\/www.urolog-majchrzak.pl\/wp-content\/uploads\/2019\/11\/dr01.jpg\",\"width\":886,\"height\":961,\"caption\":\"dr Natalia Majchrzak\"},{\"@type\":\"BreadcrumbList\",\"@id\":\"https:\/\/www.urolog-majchrzak.pl\/#breadcrumb\",\"itemListElement\":[{\"@type\":\"ListItem\",\"position\":1,\"name\":\"Strona g\u0142\u00f3wna\",\"item\":\"https:\/\/www.urolog-majchrzak.pl\/\"},{\"@type\":\"ListItem\",\"position\":2,\"name\":\"Natalia Majchrzak &#8211; Urolog\"}]},{\"@type\":\"WebSite\",\"@id\":\"https:\/\/www.urolog-majchrzak.pl\/#website\",\"url\":\"https:\/\/www.urolog-majchrzak.pl\/\",\"name\":\"Lekarz Natalia Majchrzak\",\"description\":\"Specjalista Urolog (FEBU)\",\"potentialAction\":[{\"@type\":\"SearchAction\",\"target\":{\"@type\":\"EntryPoint\",\"urlTemplate\":\"https:\/\/www.urolog-majchrzak.pl\/?s={search_term_string}\"},\"query-input\":{\"@type\":\"PropertyValueSpecification\",\"valueRequired\":true,\"valueName\":\"search_term_string\"}}],\"inLanguage\":\"pl-PL\"}]}<\/script>\n<!-- \/ Yoast SEO plugin. -->","yoast_head_json":{"title":"Natalia Majchrzak - Urolog - Natalia Majchrzak Urolog","robots":{"index":"index","follow":"follow","max-snippet":"max-snippet:-1","max-image-preview":"max-image-preview:large","max-video-preview":"max-video-preview:-1"},"canonical":"https:\/\/www.urolog-majchrzak.pl\/","og_locale":"pl_PL","og_type":"article","og_title":"Natalia Majchrzak - Urolog - Natalia Majchrzak Urolog","og_description":"Natalia Majchrzak Specjalista urolog O mnie Natalia Majchrzak (PWZ 2400599) jest lekarzem, doktorem nauk medycznych, specjalist\u0105 urologiem. W 2017 roku zrealizowa\u0142a szkolenie specjalizacyjne w zakresie urologii uzyskuj\u0105c dyplom specjalisty oraz honorowany w Europie dyplom FEBU (Fellow of the European Board of Urology).Specjalizacj\u0119 odbywa\u0142a w Klinice Urologii i Urologii Onkologicznej Uniwersytetu Medycznego w Poznaniu.Lek. Natalia Majchrzak&hellip;&nbsp;Dowiedz si\u0119 wi\u0119cej &raquo;Natalia Majchrzak &#8211; Urolog","og_url":"https:\/\/www.urolog-majchrzak.pl\/","og_site_name":"Natalia Majchrzak Urolog","article_modified_time":"2024-09-30T06:21:18+00:00","og_image":[{"url":"https:\/\/www.urolog-majchrzak.pl\/wp-content\/uploads\/2019\/11\/dr01.jpg"}],"twitter_card":"summary_large_image","twitter_misc":{"Szacowany czas czytania":"2 minuty"},"schema":{"@context":"https:\/\/schema.org","@graph":[{"@type":"WebPage","@id":"https:\/\/www.urolog-majchrzak.pl\/","url":"https:\/\/www.urolog-majchrzak.pl\/","name":"Natalia Majchrzak - Urolog - Natalia Majchrzak Urolog","isPartOf":{"@id":"https:\/\/www.urolog-majchrzak.pl\/#website"},"primaryImageOfPage":{"@id":"https:\/\/www.urolog-majchrzak.pl\/#primaryimage"},"image":{"@id":"https:\/\/www.urolog-majchrzak.pl\/#primaryimage"},"thumbnailUrl":"https:\/\/www.urolog-majchrzak.pl\/wp-content\/uploads\/2019\/11\/dr01.jpg","datePublished":"2019-04-15T12:44:49+00:00","dateModified":"2024-09-30T06:21:18+00:00","breadcrumb":{"@id":"https:\/\/www.urolog-majchrzak.pl\/#breadcrumb"},"inLanguage":"pl-PL","potentialAction":[{"@type":"ReadAction","target":["https:\/\/www.urolog-majchrzak.pl\/"]}]},{"@type":"ImageObject","inLanguage":"pl-PL","@id":"https:\/\/www.urolog-majchrzak.pl\/#primaryimage","url":"https:\/\/www.urolog-majchrzak.pl\/wp-content\/uploads\/2019\/11\/dr01.jpg","contentUrl":"https:\/\/www.urolog-majchrzak.pl\/wp-content\/uploads\/2019\/11\/dr01.jpg","width":886,"height":961,"caption":"dr Natalia Majchrzak"},{"@type":"BreadcrumbList","@id":"https:\/\/www.urolog-majchrzak.pl\/#breadcrumb","itemListElement":[{"@type":"ListItem","position":1,"name":"Strona g\u0142\u00f3wna","item":"https:\/\/www.urolog-majchrzak.pl\/"},{"@type":"ListItem","position":2,"name":"Natalia Majchrzak &#8211; Urolog"}]},{"@type":"WebSite","@id":"https:\/\/www.urolog-majchrzak.pl\/#website","url":"https:\/\/www.urolog-majchrzak.pl\/","name":"Lekarz Natalia Majchrzak","description":"Specjalista Urolog (FEBU)","potentialAction":[{"@type":"SearchAction","target":{"@type":"EntryPoint","urlTemplate":"https:\/\/www.urolog-majchrzak.pl\/?s={search_term_string}"},"query-input":{"@type":"PropertyValueSpecification","valueRequired":true,"valueName":"search_term_string"}}],"inLanguage":"pl-PL"}]}},"_links":{"self":[{"href":"https:\/\/www.urolog-majchrzak.pl\/index.php?rest_route=\/wp\/v2\/pages\/102"}],"collection":[{"href":"https:\/\/www.urolog-majchrzak.pl\/index.php?rest_route=\/wp\/v2\/pages"}],"about":[{"href":"https:\/\/www.urolog-majchrzak.pl\/index.php?rest_route=\/wp\/v2\/types\/page"}],"author":[{"embeddable":true,"href":"https:\/\/www.urolog-majchrzak.pl\/index.php?rest_route=\/wp\/v2\/users\/1"}],"replies":[{"embeddable":true,"href":"https:\/\/www.urolog-majchrzak.pl\/index.php?rest_route=%2Fwp%2Fv2%2Fcomments&post=102"}],"version-history":[{"count":185,"href":"https:\/\/www.urolog-majchrzak.pl\/index.php?rest_route=\/wp\/v2\/pages\/102\/revisions"}],"predecessor-version":[{"id":537,"href":"https:\/\/www.urolog-majchrzak.pl\/index.php?rest_route=\/wp\/v2\/pages\/102\/revisions\/537"}],"wp:attachment":[{"href":"https:\/\/www.urolog-majchrzak.pl\/index.php?rest_route=%2Fwp%2Fv2%2Fmedia&parent=102"}],"curies":[{"name":"wp","href":"https:\/\/api.w.org\/{rel}","templated":true}]}}